{"id":6460,"date":"2026-04-02T14:24:37","date_gmt":"2026-04-02T12:24:37","guid":{"rendered":"https:\/\/seirekliinik.ee\/proktologia\/"},"modified":"2026-04-28T11:24:41","modified_gmt":"2026-04-28T09:24:41","slug":"proktologia","status":"publish","type":"page","link":"https:\/\/seirekliinik.ee\/fi\/proktologia\/","title":{"rendered":"Proktologia"},"content":{"rendered":"<p><div class=\"fusion-fullwidth fullwidth-box fusion-builder-row-1 fusion-flex-container has-pattern-background has-mask-background fusion-parallax-none hundred-percent-fullwidth non-hundred-percent-height-scrolling lazyload\" style=\"--awb-background-position:center bottom;--awb-border-radius-top-left:0px;--awb-border-radius-top-right:0px;--awb-border-radius-bottom-right:0px;--awb-border-radius-bottom-left:0px;--awb-padding-top:180px;--awb-padding-right:0px;--awb-padding-bottom:80px;--awb-padding-left:0px;--awb-margin-top:-10vmin;--awb-background-size:cover;--awb-flex-wrap:wrap;\" data-bg=\"https:\/\/seirekliinik.ee\/wp-content\/uploads\/2024\/02\/gastroskoopia_uuringud_taust-scaled.webp\" ><div class=\"fusion-builder-row fusion-row fusion-flex-align-items-flex-start fusion-flex-content-wrap\" style=\"width:104% !important;max-width:104% !important;margin-left: calc(-4% \/ 2 );margin-right: calc(-4% \/ 2 );\"><div class=\"fusion-layout-column fusion_builder_column fusion-builder-column-0 fusion_builder_column_1_1 1_1 fusion-flex-column fusion-flex-align-self-center\" style=\"--awb-padding-top:12px;--awb-padding-right:8%;--awb-padding-bottom:12px;--awb-padding-left:8%;--awb-bg-color:rgba(255,255,255,0.4);--awb-bg-color-hover:rgba(255,255,255,0.4);--awb-bg-size:cover;--awb-width-large:100%;--awb-margin-top-large:0px;--awb-spacing-right-large:0px;--awb-margin-bottom-large:80px;--awb-spacing-left-large:0px;--awb-width-medium:100%;--awb-order-medium:0;--awb-spacing-right-medium:1.92%;--awb-spacing-left-medium:1.92%;--awb-width-small:100%;--awb-order-small:0;--awb-spacing-right-small:1.92%;--awb-spacing-left-small:1.92%;\" data-scroll-devices=\"small-visibility,medium-visibility,large-visibility\"><div class=\"fusion-column-wrapper fusion-column-has-shadow fusion-flex-justify-content-center fusion-content-layout-column\"><div class=\"fusion-text fusion-text-1 fusion-text-no-margin\" style=\"--awb-font-size:32px;--awb-letter-spacing:1.1px;--awb-text-color:var(--awb-custom_color_1);--awb-margin-top:0px;--awb-margin-bottom:0px;\"><p>Proktologia Seireklinikassa \u2013 kokenutta ja huolehtivaa apua herkkien vaivojen hoitoon<\/p>\n<\/div><\/div><\/div><div class=\"fusion-layout-column fusion_builder_column fusion-builder-column-1 awb-sticky awb-sticky-large fusion_builder_column_1_4 1_4 fusion-flex-column\" style=\"--awb-padding-left:;--awb-bg-size:cover;--awb-width-large:25%;--awb-margin-top-large:0px;--awb-spacing-right-large:7.68%;--awb-margin-bottom-large:0px;--awb-spacing-left-large:30.72%;--awb-width-medium:33.333333333333%;--awb-order-medium:0;--awb-spacing-right-medium:5.76%;--awb-spacing-left-medium:23.04%;--awb-width-small:100%;--awb-order-small:0;--awb-spacing-right-small:1.92%;--awb-spacing-left-small:1.92%;--awb-sticky-offset:160px;\" data-scroll-devices=\"small-visibility,medium-visibility,large-visibility\"><div class=\"fusion-column-wrapper fusion-column-has-shadow fusion-flex-justify-content-flex-start fusion-content-layout-column\"><\/div><\/div><div class=\"fusion-layout-column fusion_builder_column fusion-builder-column-2 fusion_builder_column_2_3 2_3 fusion-flex-column fusion-animated\" style=\"--awb-padding-top:24px;--awb-padding-right:5%;--awb-padding-bottom:40px;--awb-padding-left:5%;--awb-overflow:hidden;--awb-bg-color:rgba(242,242,242,0.8);--awb-bg-color-hover:rgba(242,242,242,0.8);--awb-bg-size:cover;--awb-box-shadow:4px 8px 12px 0px rgba(58,81,102,0.26);;--awb-border-color:var(--awb-custom_color_1);--awb-border-style:solid;--awb-border-radius:12px 12px 12px 12px;--awb-width-large:66.666666666667%;--awb-margin-top-large:0px;--awb-spacing-right-large:11.52%;--awb-margin-bottom-large:0px;--awb-spacing-left-large:36px;--awb-width-medium:66.666666666667%;--awb-order-medium:0;--awb-spacing-right-medium:11.52%;--awb-spacing-left-medium:36px;--awb-width-small:100%;--awb-order-small:0;--awb-spacing-right-small:1.92%;--awb-spacing-left-small:1.92%;\" data-animationType=\"fadeInRight\" data-animationDuration=\"1.0\" data-animationOffset=\"top-into-view\" data-scroll-devices=\"small-visibility,medium-visibility,large-visibility\"><div class=\"fusion-column-wrapper fusion-column-has-shadow fusion-flex-justify-content-flex-start fusion-content-layout-column\"><div class=\"fusion-title title fusion-title-1 fusion-sep-none fusion-title-text fusion-title-size-one\" style=\"--awb-margin-bottom:42px;--awb-font-size:32px;\"><h1 class=\"fusion-title-heading title-heading-left fusion-responsive-typography-calculated\" style=\"margin:0;font-size:1em;--fontSize:32;line-height:var(--awb-typography1-line-height);\">Proktologia<\/h1><\/div><div class=\"fusion-title title fusion-title-2 fusion-sep-none fusion-title-text fusion-title-size-two\" style=\"--awb-margin-bottom:32px;--awb-font-size:16px;\"><h2 class=\"fusion-title-heading title-heading-left fusion-responsive-typography-calculated\" style=\"font-family:&quot;Lato&quot;;font-style:normal;font-weight:700;margin:0;font-size:1em;--fontSize:16;--minFontSize:16;line-height:var(--awb-typography1-line-height);\">Proktologia Seireklinikassa \u2013 kokenutta ja huolehtivaa apua herkkien vaivojen hoitoon<\/h2><\/div><div class=\"fusion-text fusion-text-2\"><p>Proktologia k\u00e4sittelee per\u00e4suolen ja per\u00e4aukon sairauksien diagnosointia ja hoitoa. Proktologiset vaivat ovat paljon yleisempi\u00e4 kuin usein ajatellaan, ja useimmiten ne ovat hyvin hoidettavissa. T\u00e4rkeint\u00e4 on puuttua niihin ajoissa.  <\/p>\n<p>Proktologisten sairauksien hoito edellytt\u00e4\u00e4 pitk\u00e4aikaista kokemusta, rauhallista l\u00e4hestymistapaa ja tarkkuutta. Seireklinikassa n\u00e4iss\u00e4 vaivoissa auttaa kokenut proktologi, tohtori Maksim Sergejev, joka on ty\u00f6skennellyt alallaan p\u00e4ivitt\u00e4in jo vuosien ajan ja auttanut monia potilaita sek\u00e4 lievempien ett\u00e4 vaativampien oireiden ja ongelmien yhteydess\u00e4.<\/p>\n<\/div><div class=\"fusion-title title fusion-title-3 fusion-sep-none fusion-title-text fusion-title-size-two\" style=\"--awb-margin-bottom:32px;--awb-font-size:16px;\"><h2 class=\"fusion-title-heading title-heading-left fusion-responsive-typography-calculated\" style=\"font-family:&quot;Lato&quot;;font-style:normal;font-weight:700;margin:0;font-size:1em;--fontSize:16;--minFontSize:16;line-height:var(--awb-typography1-line-height);\">Proktologi auttaa seuraavissa ongelmissa:<\/h2><\/div><div class=\"fusion-text fusion-text-3\"><p>\u2022 per\u00e4suolen laskimolaajentumat (per\u00e4pukamat)<\/p>\n<p>\u2022 per\u00e4aukon haavaumat (anaalifissuurat)<\/p>\n<p>\u2022 verenvuoto per\u00e4suolesta<\/p>\n<p>\u2022 kipu per\u00e4aukon alueella<\/p>\n<p>\u2022 per\u00e4suolen ja per\u00e4aukon tulehdukset<\/p>\n<p>\u2022 suolen tyhjenemish\u00e4iri\u00f6t<\/p>\n<p>\u2022 per\u00e4suolen esiinluiskahdus<\/p>\n<p>\u2022 ihomuutokset per\u00e4aukon alueella<\/p>\n<p>\u2022 per\u00e4suolen ja per\u00e4aukon kasvaimet<\/p>\n<\/div><div class=\"fusion-text fusion-text-4\" style=\"--awb-font-size:18px;\"><p>Vastaanotto tapahtuu Seireklinikassa rauhallisessa ja hienotunteisessa ymp\u00e4rist\u00f6ss\u00e4, jossa potilaan huoliin paneudutaan huolellisesti ja empaattisesti. K\u00e4yt\u00f6ss\u00e4mme ovat nykyaikaiset diagnostiset mahdollisuudet, mukaan lukien endoskooppiset tutkimukset. Kaikki t\u00e4m\u00e4 auttaa laatimaan selke\u00e4n ja luotettavan hoitosuunnitelman.<\/p>\n<\/div><div class=\"fusion-text fusion-text-5\"><p>Monia proktologisia ongelmia voidaan hoitaa yksinkertaisilla hoitomenetelmill\u00e4 tai pienill\u00e4 polikliinisilla toimenpiteill\u00e4 ilman leikkausta tai sairaalahoitoa. Varhainen hakeutuminen vastaanotolle auttaa lievitt\u00e4m\u00e4\u00e4n oireita, ehk\u00e4isem\u00e4\u00e4n my\u00f6hempi\u00e4 komplikaatioita ja sulkemaan pois vakavammat sairaudet. <\/p>\n<p>Jos jokin per\u00e4aukon tai per\u00e4suolen alueella aiheuttaa huolta tai ep\u00e4varmuutta, proktologin vastaanotto on ensimm\u00e4inen j\u00e4rkev\u00e4 askel.<\/p>\n<p>Seireklinikassa yhdist\u00e4mme kokeneen asiantuntijan, nykyaikaisen l\u00e4\u00e4ketieteen ja huolehtivan suhtautumisen tarjotaksemme potilaillemme laadukasta ja luotettavaa hoitoa.<\/p>\n<p>Olemme t\u00e4\u00e4ll\u00e4 auttaaksemme teit\u00e4!<\/p>\n<\/div><\/div><\/div><\/div><\/div><div class=\"fusion-fullwidth fullwidth-box fusion-builder-row-2 fusion-flex-container has-pattern-background has-mask-background hundred-percent-fullwidth non-hundred-percent-height-scrolling\" style=\"--awb-border-radius-top-left:0px;--awb-border-radius-top-right:0px;--awb-border-radius-bottom-right:0px;--awb-border-radius-bottom-left:0px;--awb-margin-top:40px;--awb-flex-wrap:wrap;\" ><div class=\"fusion-builder-row fusion-row fusion-flex-align-items-flex-start fusion-flex-content-wrap\" style=\"width:104% !important;max-width:104% !important;margin-left: calc(-4% \/ 2 );margin-right: calc(-4% \/ 2 );\"><div class=\"fusion-layout-column fusion_builder_column fusion-builder-column-3 fusion_builder_column_1_2 1_2 fusion-flex-column fusion-flex-align-self-stretch fusion-animated\" style=\"--awb-padding-right:30px;--awb-padding-left:60px;--awb-bg-size:cover;--awb-width-large:50%;--awb-margin-top-large:40px;--awb-spacing-right-large:3.84%;--awb-margin-bottom-large:0px;--awb-spacing-left-large:15.36%;--awb-width-medium:100%;--awb-order-medium:0;--awb-spacing-right-medium:1.92%;--awb-spacing-left-medium:1.92%;--awb-width-small:100%;--awb-order-small:0;--awb-spacing-right-small:1.92%;--awb-spacing-left-small:1.92%;\" data-animationType=\"fadeInUp\" data-animationDuration=\"0.8\" data-animationOffset=\"top-into-view\" data-scroll-devices=\"small-visibility,medium-visibility,large-visibility\"><div class=\"fusion-column-wrapper fusion-column-has-shadow fusion-flex-justify-content-flex-start fusion-content-layout-column\"><div class=\"fusion-title title fusion-title-4 fusion-sep-none fusion-title-text fusion-title-size-three\" style=\"--awb-margin-bottom:1.4em;\"><h3 class=\"fusion-title-heading title-heading-left fusion-responsive-typography-calculated\" style=\"margin:0;--fontSize:24;--minFontSize:24;line-height:var(--awb-typography1-line-height);\">Proktologian l\u00e4\u00e4k\u00e4rit<\/h3><\/div><div class=\"fusion-post-cards fusion-post-cards-1 fusion-grid-archive fusion-grid-columns-2\" style=\"--awb-dots-align:center;--awb-columns:2;--awb-filters-color:var(--awb-color8);--awb-active-filter-border-size:3px;--awb-filters-height:36px;\" data-post-type-label=\"artikkelit\"><ul class=\"fusion-grid fusion-grid-2 fusion-flex-align-items-flex-start fusion-grid-posts-cards\"><li class=\"fusion-layout-column fusion_builder_column fusion-builder-column-4 fusion-flex-column fusion-column-inner-bg-wrapper post-card fusion-grid-column fusion-post-cards-grid-column\" style=\"--awb-padding-bottom:32px;--awb-padding-right-small:0px;--awb-padding-left-small:0px;--awb-overflow:hidden;--awb-inner-bg-color:var(--awb-color1);--awb-inner-bg-color-hover:#fff9f4;--awb-inner-bg-blend:overlay;--awb-inner-bg-size:cover;--awb-box-shadow:4px 8px 12px 0px rgba(14,90,138,0.3);;--awb-border-radius:24px 24px 24px 24px;--awb-inner-bg-border-radius:24px 24px 24px 24px;--awb-inner-bg-overflow:hidden;--awb-transform:scaleX(1) scaleY(1);--awb-transform-hover:scaleX(1.02) scaleY(1.02);--awb-flex-grow:0;--awb-flex-shrink:0;--awb-flex-grow-medium:0;--awb-flex-shrink-medium:0;--awb-flex-grow-small:0;--awb-flex-shrink-small:0;\" data-scroll-devices=\"small-visibility,medium-visibility,large-visibility\"><span class=\"fusion-column-inner-bg hover-type-none\"><a class=\"fusion-column-anchor\" href=\"https:\/\/seirekliinik.ee\/fi\/tiimi\/dr-maksim-sergejev\/\"><span class=\"fusion-column-inner-bg-image\"><\/span><\/a><\/span><div class=\"fusion-column-wrapper fusion-column-has-shadow fusion-flex-justify-content-flex-start fusion-content-layout-column\"><div class=\"fusion-image-element \" style=\"--awb-max-width:100%;--awb-caption-title-font-family:var(--h2_typography-font-family);--awb-caption-title-font-weight:var(--h2_typography-font-weight);--awb-caption-title-font-style:var(--h2_typography-font-style);--awb-caption-title-size:var(--h2_typography-font-size);--awb-caption-title-transform:var(--h2_typography-text-transform);--awb-caption-title-line-height:var(--h2_typography-line-height);--awb-caption-title-letter-spacing:var(--h2_typography-letter-spacing);\"><span class=\" fusion-imageframe imageframe-none imageframe-1 hover-type-none\" style=\"z-index:-1;\"><img decoding=\"async\" width=\"2560\" height=\"2560\" alt=\"Maksim Sergejev\" title=\"Maksim Sergejev\" src=\"https:\/\/seirekliinik.ee\/wp-content\/uploads\/2026\/02\/Maksim-Sergejev.jpg\" data-orig-src=\"https:\/\/seirekliinik.ee\/wp-content\/uploads\/2026\/02\/Maksim-Sergejev.jpg\" class=\"lazyload img-responsive wp-image-5711\" srcset=\"data:image\/svg+xml,%3Csvg%20xmlns%3D%27http%3A%2F%2Fwww.w3.org%2F2000%2Fsvg%27%20width%3D%272560%27%20height%3D%272560%27%20viewBox%3D%270%200%202560%202560%27%3E%3Crect%20width%3D%272560%27%20height%3D%272560%27%20fill-opacity%3D%220%22%2F%3E%3C%2Fsvg%3E\" data-srcset=\"https:\/\/seirekliinik.ee\/wp-content\/uploads\/2026\/02\/Maksim-Sergejev-200x200.jpg 200w, https:\/\/seirekliinik.ee\/wp-content\/uploads\/2026\/02\/Maksim-Sergejev-400x400.jpg 400w, https:\/\/seirekliinik.ee\/wp-content\/uploads\/2026\/02\/Maksim-Sergejev-600x600.jpg 600w, https:\/\/seirekliinik.ee\/wp-content\/uploads\/2026\/02\/Maksim-Sergejev-800x800.jpg 800w, https:\/\/seirekliinik.ee\/wp-content\/uploads\/2026\/02\/Maksim-Sergejev-1200x1200.jpg 1200w, https:\/\/seirekliinik.ee\/wp-content\/uploads\/2026\/02\/Maksim-Sergejev.jpg 2560w\" data-sizes=\"auto\" data-orig-sizes=\"(max-width: 1024px) 100vw, (max-width: 640px) 100vw, (max-width: 1919px) 800px,(min-width: 1920px) 50vw\" \/><\/span><\/div><div class=\"fusion-title title fusion-title-5 fusion-sep-none fusion-title-text fusion-title-size-two\" style=\"--awb-text-color:var(--awb-color8);--awb-margin-top:32px;--awb-margin-bottom:8px;--awb-margin-left:40px;--awb-margin-top-small:32px;--awb-margin-bottom-small:8px;--awb-margin-left-small:40px;--awb-margin-top-medium:32px;--awb-margin-bottom-medium:8px;--awb-margin-left-medium:40px;--awb-font-size:24px;\"><h2 class=\"fusion-title-heading title-heading-left fusion-responsive-typography-calculated\" style=\"font-family:&quot;Lato&quot;;font-style:normal;font-weight:300;margin:0;font-size:1em;--fontSize:24;--minFontSize:24;line-height:var(--awb-typography1-line-height);\">dr. Maksim Sergejev<\/h2><\/div><div class=\"fusion-text fusion-text-6 fusion-text-no-margin\" style=\"--awb-font-size:12px;--awb-line-height:0.4;--awb-text-transform:uppercase;--awb-margin-right:24px;--awb-margin-bottom:18px;--awb-margin-left:40px;--awb-text-font-family:&quot;Lato&quot;;--awb-text-font-style:normal;--awb-text-font-weight:400;\"><p>proktologi<\/p>\n<\/div><\/div><\/li>\n<\/ul><\/div><\/div><\/div><div class=\"fusion-layout-column fusion_builder_column fusion-builder-column-5 fusion_builder_column_1_2 1_2 fusion-flex-column fusion-flex-align-self-stretch fusion-animated\" style=\"--awb-padding-right:30px;--awb-padding-left:8%;--awb-bg-size:cover;--awb-width-large:50%;--awb-flex-grow:0;--awb-flex-shrink:0;--awb-margin-top-large:40px;--awb-spacing-right-large:15.36%;--awb-margin-bottom-large:0px;--awb-spacing-left-large:3.84%;--awb-width-medium:100%;--awb-order-medium:0;--awb-flex-grow-medium:0;--awb-flex-shrink-medium:0;--awb-spacing-right-medium:1.92%;--awb-spacing-left-medium:1.92%;--awb-width-small:100%;--awb-order-small:0;--awb-flex-grow-small:0;--awb-flex-shrink-small:0;--awb-spacing-right-small:1.92%;--awb-spacing-left-small:1.92%;\" data-animationType=\"fadeInUp\" data-animationDuration=\"0.8\" data-animationOffset=\"top-into-view\" data-scroll-devices=\"small-visibility,medium-visibility,large-visibility\"><div class=\"fusion-column-wrapper fusion-column-has-shadow fusion-flex-justify-content-space-around fusion-content-layout-column\"><div class=\"fusion-text fusion-text-7 fusion-text-no-margin\" style=\"--awb-font-size:24px;--awb-text-color:var(--awb-custom_color_1);--awb-margin-bottom:2em;--awb-text-font-family:&#039;Times New Roman&#039;, Times,serif;--awb-text-font-style:normal;--awb-text-font-weight:400;\"><p>Herkkien vaivojen kanssa ei tarvitse j\u00e4\u00e4d\u00e4 yksin.<br \/>\nJokainen potilas ansaitsee tulla kuulluksi, ymm\u00e4rretyksi ja saada selke\u00e4n ratkaisun rauhallisessa ja huolehtivassa ymp\u00e4rist\u00f6ss\u00e4.<\/p>\n<\/div><div class=\"fusion-image-element \" style=\"--awb-caption-title-font-family:var(--h2_typography-font-family);--awb-caption-title-font-weight:var(--h2_typography-font-weight);--awb-caption-title-font-style:var(--h2_typography-font-style);--awb-caption-title-size:var(--h2_typography-font-size);--awb-caption-title-transform:var(--h2_typography-text-transform);--awb-caption-title-line-height:var(--h2_typography-line-height);--awb-caption-title-letter-spacing:var(--h2_typography-letter-spacing);\"><span class=\" fusion-imageframe imageframe-none imageframe-2 hover-type-none\"><img decoding=\"async\" width=\"386\" height=\"77\" alt=\"hoolivus tapsus kiirus\" title=\"hoolivus tapsus kiirus\" src=\"data:image\/svg+xml,%3Csvg%20xmlns%3D%27http%3A%2F%2Fwww.w3.org%2F2000%2Fsvg%27%20width%3D%27386%27%20height%3D%2777%27%20viewBox%3D%270%200%20386%2077%27%3E%3Crect%20width%3D%27386%27%20height%3D%2777%27%20fill-opacity%3D%220%22%2F%3E%3C%2Fsvg%3E\" data-orig-src=\"https:\/\/seirekliinik.ee\/wp-content\/uploads\/2026\/03\/Valittaminen_Tarkkuus_Nopeus.svg\" class=\"lazyload img-responsive wp-image-1857\"\/><\/span><\/div><\/div><\/div><\/div><\/div><div class=\"fusion-fullwidth fullwidth-box fusion-builder-row-3 fusion-flex-container has-pattern-background has-mask-background fusion-parallax-none hundred-percent-fullwidth non-hundred-percent-height-scrolling lazyload\" style=\"--awb-border-radius-top-left:0px;--awb-border-radius-top-right:0px;--awb-border-radius-bottom-right:0px;--awb-border-radius-bottom-left:0px;--awb-padding-bottom:450px;--awb-margin-top:40px;--awb-margin-bottom:-450px;--awb-background-image:linear-gradient(180deg, rgba(255,255,255,0) 0%,rgba(248,248,248,0.6) 70%);;--awb-background-size:cover;--awb-flex-wrap:wrap;\" data-bg=\"https:\/\/seirekliinik.ee\/wp-content\/uploads\/2024\/01\/seirekliinik-scaled.webp\" data-bg-gradient=\"linear-gradient(180deg, rgba(255,255,255,0) 0%,rgba(248,248,248,0.6) 70%)\" ><div class=\"fusion-builder-row fusion-row fusion-flex-align-items-flex-start fusion-flex-content-wrap\" style=\"width:104% !important;max-width:104% !important;margin-left: calc(-4% \/ 2 );margin-right: calc(-4% \/ 2 );\"><div class=\"fusion-layout-column fusion_builder_column fusion-builder-column-6 fusion_builder_column_1_1 1_1 fusion-flex-column fusion-animated\" style=\"--awb-padding-top:30px;--awb-padding-right:8%;--awb-padding-bottom:20px;--awb-padding-left:8%;--awb-bg-color:rgba(248,248,248,0.5);--awb-bg-color-hover:rgba(248,248,248,0.5);--awb-bg-size:cover;--awb-width-large:100%;--awb-flex-grow:0;--awb-flex-shrink:0;--awb-margin-top-large:40px;--awb-spacing-right-large:1.92%;--awb-margin-bottom-large:32px;--awb-spacing-left-large:1.92%;--awb-width-medium:100%;--awb-order-medium:0;--awb-flex-grow-medium:0;--awb-flex-shrink-medium:0;--awb-spacing-right-medium:1.92%;--awb-spacing-left-medium:1.92%;--awb-width-small:100%;--awb-order-small:0;--awb-flex-grow-small:0;--awb-flex-shrink-small:0;--awb-spacing-right-small:1.92%;--awb-spacing-left-small:1.92%;\" data-animationType=\"fadeInUp\" data-animationDuration=\"0.8\" data-animationOffset=\"top-into-view\" data-scroll-devices=\"small-visibility,medium-visibility,large-visibility\"><div class=\"fusion-column-wrapper fusion-column-has-shadow fusion-flex-justify-content-center fusion-content-layout-row\"><div class=\"fusion-title title fusion-title-6 fusion-sep-none fusion-title-center fusion-title-text fusion-title-size-three\"><h3 class=\"fusion-title-heading title-heading-center fusion-responsive-typography-calculated\" style=\"--fontSize:24;--minFontSize:24;line-height:var(--awb-typography1-line-height);\">Proktologiapalveluiden hinnat<\/h3><\/div><div class=\"fusion-text fusion-text-8\" style=\"--awb-margin-right:80px;--awb-margin-left:120px;\"><p style=\"text-align: left;\">Proktologin vastaanotto<\/p>\n<p>Proktologin vastaanotto ja anoskopia<\/p>\n<\/div><div class=\"fusion-text fusion-text-9\"><p style=\"text-align: left;\">130 \u20ac<\/p>\n<p>170 \u20ac<\/p>\n<\/div><\/div><\/div><div class=\"fusion-layout-column fusion_builder_column fusion-builder-column-7 fusion_builder_column_1_1 1_1 fusion-flex-column fusion-animated\" style=\"--awb-padding-right:30px;--awb-padding-left:30px;--awb-bg-size:cover;--awb-width-large:100%;--awb-flex-grow:0;--awb-flex-shrink:0;--awb-margin-top-large:40px;--awb-spacing-right-large:7.68%;--awb-margin-bottom-large:60px;--awb-spacing-left-large:7.68%;--awb-width-medium:100%;--awb-order-medium:0;--awb-flex-grow-medium:0;--awb-flex-shrink-medium:0;--awb-spacing-right-medium:1.92%;--awb-spacing-left-medium:1.92%;--awb-width-small:100%;--awb-order-small:0;--awb-flex-grow-small:0;--awb-flex-shrink-small:0;--awb-spacing-right-small:1.92%;--awb-spacing-left-small:1.92%;\" data-animationType=\"fadeInUp\" data-animationDuration=\"0.8\" data-animationOffset=\"top-into-view\" data-scroll-devices=\"small-visibility,medium-visibility,large-visibility\"><div class=\"fusion-column-wrapper fusion-column-has-shadow fusion-flex-justify-content-flex-start fusion-content-layout-column\"><div style=\"text-align:center;\"><a class=\"fusion-button button-3d fusion-button-default-size button-default fusion-button-default button-1 fusion-button-default-span fusion-button-default-type\" style=\"--awb-margin-top:32px;--awb-margin-bottom:80px;\" target=\"_self\" href=\"https:\/\/seirekliinik.ee\/fi\/varauksen\/\"><span class=\"fusion-button-text awb-button__text awb-button__text--default\">Varaa vastaanotto<\/span><\/a><\/div><div style=\"text-align:center;\"><a class=\"fusion-button button-3d fusion-button-default-size button-custom fusion-button-default button-2 fusion-button-default-span fusion-button-default-type\" style=\"--awb-margin-bottom:36px;--button_accent_color:var(--awb-custom_color_1);--button_accent_hover_color:var(--awb-custom_color_1);--button_border_hover_color:var(--awb-color2);--button_gradient_top_color:var(--awb-color3);--button_gradient_bottom_color:var(--awb-color3);--button_gradient_top_color_hover:var(--awb-color4);--button_gradient_bottom_color_hover:var(--awb-color4);\" target=\"_self\" href=\"https:\/\/seirekliinik.ee\/fi\/testi\/\"><span class=\"fusion-button-text awb-button__text awb-button__text--default\">Tee testi<\/span><\/a><\/div><div class=\"fusion-text fusion-text-10 fusion-text-no-margin\" style=\"--awb-margin-bottom:60px;\"><p style=\"text-align: center;\">Tarvitsetko lis\u00e4tutkimuksia?<\/p>\n<\/div><\/div><\/div><\/div><\/div><\/p>\n","protected":false},"excerpt":{"rendered":"","protected":false},"author":2,"featured_media":0,"parent":0,"menu_order":0,"comment_status":"closed","ping_status":"closed","template":"100-width.php","meta":{"_acf_changed":false,"footnotes":""},"class_list":["post-6460","page","type-page","status-publish","hentry"],"acf":[],"aioseo_notices":[],"_links":{"self":[{"href":"https:\/\/seirekliinik.ee\/fi\/wp-json\/wp\/v2\/pages\/6460","targetHints":{"allow":["GET"]}}],"collection":[{"href":"https:\/\/seirekliinik.ee\/fi\/wp-json\/wp\/v2\/pages"}],"about":[{"href":"https:\/\/seirekliinik.ee\/fi\/wp-json\/wp\/v2\/types\/page"}],"author":[{"embeddable":true,"href":"https:\/\/seirekliinik.ee\/fi\/wp-json\/wp\/v2\/users\/2"}],"replies":[{"embeddable":true,"href":"https:\/\/seirekliinik.ee\/fi\/wp-json\/wp\/v2\/comments?post=6460"}],"version-history":[{"count":31,"href":"https:\/\/seirekliinik.ee\/fi\/wp-json\/wp\/v2\/pages\/6460\/revisions"}],"predecessor-version":[{"id":7420,"href":"https:\/\/seirekliinik.ee\/fi\/wp-json\/wp\/v2\/pages\/6460\/revisions\/7420"}],"wp:attachment":[{"href":"https:\/\/seirekliinik.ee\/fi\/wp-json\/wp\/v2\/media?parent=6460"}],"curies":[{"name":"wp","href":"https:\/\/api.w.org\/{rel}","templated":true}]}}