{"id":4746,"date":"2024-08-12T11:03:38","date_gmt":"2024-08-12T09:03:38","guid":{"rendered":"https:\/\/seirekliinik.ee\/tietosuojakaytanto\/"},"modified":"2025-06-29T11:26:52","modified_gmt":"2025-06-29T09:26:52","slug":"tietosuojakaytanto","status":"publish","type":"page","link":"https:\/\/seirekliinik.ee\/fi\/tietosuojakaytanto\/","title":{"rendered":"Tietosuojak\u00e4yt\u00e4nt\u00f6"},"content":{"rendered":"<div class=\"fusion-fullwidth fullwidth-box fusion-builder-row-1 fusion-flex-container has-pattern-background has-mask-background nonhundred-percent-fullwidth non-hundred-percent-height-scrolling\" style=\"--awb-border-radius-top-left:0px;--awb-border-radius-top-right:0px;--awb-border-radius-bottom-right:0px;--awb-border-radius-bottom-left:0px;--awb-flex-wrap:wrap;\" ><div class=\"fusion-builder-row fusion-row fusion-flex-align-items-flex-start fusion-flex-content-wrap\" style=\"max-width:1216.8px;margin-left: calc(-4% \/ 2 );margin-right: calc(-4% \/ 2 );\"><div class=\"fusion-layout-column fusion_builder_column fusion-builder-column-0 fusion_builder_column_1_1 1_1 fusion-flex-column\" style=\"--awb-padding-right-small:4%;--awb-padding-left-small:4%;--awb-bg-size:cover;--awb-width-large:100%;--awb-margin-top-large:0px;--awb-spacing-right-large:1.92%;--awb-margin-bottom-large:0px;--awb-spacing-left-large:1.92%;--awb-width-medium:100%;--awb-order-medium:0;--awb-spacing-right-medium:1.92%;--awb-spacing-left-medium:1.92%;--awb-width-small:100%;--awb-order-small:0;--awb-spacing-right-small:1.92%;--awb-spacing-left-small:1.92%;\"><div class=\"fusion-column-wrapper fusion-column-has-shadow fusion-flex-justify-content-flex-start fusion-content-layout-column\"><div class=\"fusion-title title fusion-title-1 fusion-sep-none fusion-title-text fusion-title-size-two\" style=\"--awb-text-color:#0e5a8a;--awb-margin-top:40px;--awb-font-size:42px;\"><h2 class=\"fusion-title-heading title-heading-left fusion-responsive-typography-calculated\" style=\"margin:0;font-size:1em;--fontSize:42;line-height:var(--awb-typography1-line-height);\"><b><\/p>\n<p> Tietosuojak\u00e4yt\u00e4nt\u00f6<\/p>\n<p>\t<\/b><\/h2><\/div><div class=\"fusion-text fusion-text-1 fusion-text-no-margin\" style=\"--awb-margin-top:30px;--awb-margin-bottom:60px;\"><p>Seirekliinik.ee-verkkosivuston henkil\u00f6tietojen vastuullinen k\u00e4sittelij\u00e4 on Seirekliinik O\u00dc. Kysymyksiss\u00e4 voit kirjoittaa osoitteeseen info@seirekliinik.ee.<\/p>\n<p>Seirekliinik O\u00dc k\u00e4sittelee asiakkaidensa ja yhteyshenkil\u00f6idens\u00e4 tietoja, jotka ovat ilmaisseet halunsa k\u00e4ytt\u00e4\u00e4 palveluitamme tai ovat aiemmin k\u00e4ytt\u00e4neet palveluitamme.<\/p>\n<p><strong data-fusion-font=\"true\" style=\"font-size: 33px; color: var(--awb-custom_color_1);\">M\u00e4\u00e4ritelm\u00e4t<\/strong><br \/>\nHenkil\u00f6tietojen k\u00e4sittely tarkoittaa kaikkia toimia, joita verkkosivuston k\u00e4ytt\u00e4j\u00e4n henkil\u00f6tietojen kanssa tehd\u00e4\u00e4n \u2013 tietojen ker\u00e4\u00e4mist\u00e4, k\u00e4sittely\u00e4, tallentamista, korjaamista tai poistamista.<\/p>\n<p>K\u00e4ytt\u00e4j\u00e4t ovat kaikki henkil\u00f6t, jotka vierailevat verkkosivustolla tai toimittavat tietoja Seirekliinik O\u00dc:lle. Esimerkiksi Seirekliinik O\u00dc:een ottaminen yhteytt\u00e4 s\u00e4hk\u00f6postitse. <\/p>\n<\/p>\n<p><strong data-fusion-font=\"true\" style=\"font-size: 33px; color: var(--awb-custom_color_1);\">Yleisehtojen k\u00e4sittely<\/strong><\/p>\n<p>Vahvistamalla yksityisyysk\u00e4yt\u00e4nn\u00f6t annat suostumuksesi tietojen k\u00e4sittelyyn n\u00e4iden yksityisyysk\u00e4yt\u00e4nt\u00f6jen mukaisesti.<\/p>\n<p>Seirekliinik O\u00dc ker\u00e4\u00e4 verkkosivuston kautta seuraavia k\u00e4ytt\u00e4jien henkil\u00f6tietoja seuraavilla tavoilla:<\/p>\n<p>K\u00e4ytt\u00e4j\u00e4n nimi ja s\u00e4hk\u00f6postiosoite \u2013 k\u00e4ytt\u00e4j\u00e4n tekem\u00e4n tiedustelun yhteydess\u00e4, jotta voidaan vastata h\u00e4nen kyselyyns\u00e4.<br \/>\nVerkkosivuston k\u00e4vij\u00e4tilastot \u2013 Google Analyticsin avulla.<\/p>\n<\/p>\n<p><strong data-fusion-font=\"true\" style=\"font-size: 33px; color: var(--awb-custom_color_1);\">Henkil\u00f6tietojen k\u00e4ytt\u00f6<\/strong><\/p>\n<p>Seirekliinik O\u00dc k\u00e4ytt\u00e4\u00e4 henkil\u00f6tietoja k\u00e4ytt\u00e4j\u00e4n tiedusteluun vastaamiseen ja k\u00e4ytt\u00e4j\u00e4n kanssa kommunikointiin.<\/p>\n<p>Seirekliinik O\u00dc k\u00e4ytt\u00e4\u00e4 verkkosivuston k\u00e4vij\u00e4tilastoja verkkosivuston k\u00e4ytt\u00f6kokemuksen parantamiseen ja tehokkaammaksi markkinoinniksi.<\/p>\n<p>K\u00e4ytt\u00e4j\u00e4ll\u00e4 on milloin tahansa oikeus kielt\u00e4\u00e4 henkil\u00f6tietojensa k\u00e4sittely, ellei se ole tarpeen sopimuksesta johtuvan velvoitteen t\u00e4ytt\u00e4miseksi, mukaan lukien palvelun tarjoaminen.<\/p>\n<\/p>\n<p><strong data-fusion-font=\"true\" style=\"font-size: 33px; color: var(--awb-custom_color_1);\">Henkil\u00f6tietojen luovuttaminen kolmansille osapuolille<\/strong><\/p>\n<p>Kolmas osapuoli on Seirekliinik O\u00dc:n sopimuskumppani, joka k\u00e4sittelee henkil\u00f6tietoja ja jonka tuotteen tai palvelun avulla Seirekliinik O\u00dc tarjoaa k\u00e4ytt\u00e4j\u00e4lle palveluja.<\/p>\n<\/p>\n<p><strong data-fusion-font=\"true\" style=\"font-size: 33px; color: var(--awb-custom_color_1);\">Henkil\u00f6tietojen s\u00e4ilytt\u00e4minen ja turvallisuus<\/strong><\/p>\n<p>Seirekliinik O\u00dc s\u00e4ilytt\u00e4\u00e4 henkil\u00f6tietoja niin kauan kuin se on tarpeellista tavoitteen saavuttamiseksi tai lain mukaan vaadittavaa.<\/p>\n<p>Seirekliinik O\u00dc soveltaa kaikkia kohtuullisia toimenpiteit\u00e4 k\u00e4sitelt\u00e4vien henkil\u00f6tietojen suojaamiseksi. Henkil\u00f6tietojen muuttamiseen ja k\u00e4sittelyyn on p\u00e4\u00e4sy vain valtuutetuilla henkil\u00f6ill\u00e4, ja kaikkia k\u00e4ytt\u00e4jien henkil\u00f6tietoja k\u00e4sitell\u00e4\u00e4n luottamuksellisina tietoina. <\/p>\n<\/p>\n<p><span data-fusion-font=\"true\" style=\"font-size: 33px;\"><b style=\"color: var(--awb-custom_color_1);\">K\u00e4ytt\u00e4j\u00e4n oikeudet<\/b><\/span><\/p>\n<p>K\u00e4ytt\u00e4j\u00e4ll\u00e4 on oikeus milloin tahansa:<\/p>\n<p>ilmoittaa halu saada p\u00e4\u00e4sy omiin tietoihinsa;<br \/>\nvaatia henkil\u00f6tietojen korjaamista, t\u00e4ydent\u00e4mist\u00e4 tai lain mukaan m\u00e4\u00e4ritellyiss\u00e4 olosuhteissa my\u00f6s poistamista;<br \/>\nvaatia henkil\u00f6tietojen k\u00e4sittelyn rajoittamista;<\/p>\n<p>Jos k\u00e4ytt\u00e4j\u00e4ll\u00e4 on kysytt\u00e4v\u00e4\u00e4 oikeuksistaan tai h\u00e4n katsoo, ett\u00e4 Seirekliinik O\u00dc on loukannut h\u00e4nen oikeuksiaan henkil\u00f6tietojen k\u00e4sittelyss\u00e4, h\u00e4nen tulisi ehdottomasti ottaa yhteytt\u00e4 s\u00e4hk\u00f6postitse osoitteeseen info@seirekliinik.ee.<\/p>\n<p>Ev\u00e4steit\u00e4 on kahta tyyppi\u00e4:Ev\u00e4steit\u00e4 on kahta tyyppi\u00e4:Ev\u00e4steit\u00e4 on kahta tyyppi\u00e4:Kui kasutaja usub, et tema \u00f5igusi on isikuandmete t\u00f6\u00f6tlemisel rikutud, on tal \u00f5igus p\u00f6\u00f6rduda Andmekaitse Inspektsiooni poole.<\/p>\n<\/p>\n<p><strong data-fusion-font=\"true\" style=\"font-size: 33px; color: var(--awb-custom_color_1);\">Ev\u00e4steet<\/strong><\/p>\n<p>Seirekliinik.ee verkkosivustolla k\u00e4ytet\u00e4\u00e4n ev\u00e4steit\u00e4, joiden tarkoituksena on varmistaa parempi k\u00e4ytt\u00e4j\u00e4kokemus, tehokkaampi markkinointi ja ker\u00e4t\u00e4 k\u00e4ytt\u00f6tilastoja.<\/p>\n<p>Ev\u00e4ste on pieni tekstiedosto, jonka verkkoselain tallentaa automaattisesti k\u00e4ytt\u00e4j\u00e4n laitteelle. Ev\u00e4steit\u00e4 k\u00e4ytet\u00e4\u00e4n tiedon ker\u00e4\u00e4miseen siit\u00e4, kuinka asiakas k\u00e4ytt\u00e4\u00e4 verkkosivustoa, jotta verkkosivuston k\u00e4ytt\u00f6\u00e4 voidaan tehd\u00e4 henkil\u00f6kohtaisemmaksi ja k\u00e4ytt\u00e4j\u00e4yst\u00e4v\u00e4llisemm\u00e4ksi. Ev\u00e4steet voivat olla per\u00e4isin eri palveluntarjoajilta, kuten Googlelta ja Facebookilta. Ev\u00e4steet eiv\u00e4t ole vaarallisia tietokoneelle.   <\/p>\n<p><strong data-fusion-font=\"true\" style=\"font-size: 33px; color: var(--awb-custom_color_1);\">Ev\u00e4steit\u00e4 on kahta tyyppi\u00e4:<\/strong><\/p>\n<p>Pysyvi\u00e4 ev\u00e4steit\u00e4, jotka j\u00e4\u00e4v\u00e4t k\u00e4ytt\u00e4j\u00e4n tietokoneelle pysyv\u00e4sti ev\u00e4steiden tiedostoon. N\u00e4it\u00e4 voidaan k\u00e4ytt\u00e4\u00e4 esimerkiksi k\u00e4ytt\u00e4j\u00e4n tunnistamiseksi verkkosivuston uusilla vierailuilla ja verkkosivuston sis\u00e4ll\u00f6n mukauttamiseksi k\u00e4ytt\u00e4j\u00e4n tarpeiden mukaan tai tilastollisten tietojen ker\u00e4\u00e4miseksi.<\/p>\n<p>\nIstuntoev\u00e4steet ovat tilap\u00e4isi\u00e4 ja ne katoavat, kun k\u00e4ytt\u00e4j\u00e4 poistuu verkkosivustolta tai sulkee verkkoselaimen. Istuntoev\u00e4steit\u00e4 voidaan k\u00e4ytt\u00e4\u00e4 verkkosivuston tiettyjen toimintojen, kuten palvelun tai tuotteen tilaamisen, mahdollistamiseksi.<br \/>\nEv\u00e4steit\u00e4 k\u00e4ytet\u00e4\u00e4n tiedon ker\u00e4\u00e4miseen siit\u00e4, kuinka verkkosivustoa k\u00e4ytet\u00e4\u00e4n, jotta sit\u00e4 voidaan muokata henkil\u00f6kohtaisemmaksi ja k\u00e4ytt\u00e4j\u00e4yst\u00e4v\u00e4llisemm\u00e4ksi. Lis\u00e4ksi ev\u00e4steet auttavat ker\u00e4\u00e4m\u00e4\u00e4n k\u00e4ytt\u00e4j\u00e4tilastoja, jotka mahdollistavat verkkosivuston suorituskyvyn mittaamisen ja parantamisen sek\u00e4 tarjoavat pohjatiedot tehokkaan markkinointitoiminnan toteuttamiseen.<\/p>\n<p>K\u00e4ytt\u00e4j\u00e4 katsotaan hyv\u00e4ksyneeksi ev\u00e4steet, jos h\u00e4nen verkkoselaimensa asetuksissa ev\u00e4steet on sallittu. Verkkoselaimet sallivat usein oletuksena ev\u00e4steiden tallentamisen kuluttajan laitteelle. K\u00e4ytt\u00e4j\u00e4 voi est\u00e4\u00e4 ev\u00e4steiden k\u00e4yt\u00f6n laitteellaan tai poistaa ne muokkaamalla verkkoselaimen vastaavia asetuksia. Ev\u00e4steiden pois k\u00e4yt\u00f6st\u00e4 ei v\u00e4ltt\u00e4m\u00e4tt\u00e4 verkkosivusto toimi oikein. Ohjeet ev\u00e4steiden poistamiseen ja asetusten muuttamiseen selaimesta: Chrome, Internet Explorer.    <\/p>\n<p>K\u00e4ytt\u00f6tilastojen ker\u00e4\u00e4miseen Seirekliinik O\u00dc k\u00e4ytt\u00e4\u00e4 Google Analyticsia, ker\u00e4ten tietoja vierailtujen alisivujen, vierailuaikojen ja muiden tilastojen osalta.<\/p>\n<\/div><\/div><\/div><\/div><\/div>\n","protected":false},"excerpt":{"rendered":"","protected":false},"author":5,"featured_media":0,"parent":0,"menu_order":0,"comment_status":"closed","ping_status":"closed","template":"100-width.php","meta":{"_acf_changed":false,"footnotes":""},"class_list":["post-4746","page","type-page","status-publish","hentry"],"acf":[],"aioseo_notices":[],"_links":{"self":[{"href":"https:\/\/seirekliinik.ee\/fi\/wp-json\/wp\/v2\/pages\/4746","targetHints":{"allow":["GET"]}}],"collection":[{"href":"https:\/\/seirekliinik.ee\/fi\/wp-json\/wp\/v2\/pages"}],"about":[{"href":"https:\/\/seirekliinik.ee\/fi\/wp-json\/wp\/v2\/types\/page"}],"author":[{"embeddable":true,"href":"https:\/\/seirekliinik.ee\/fi\/wp-json\/wp\/v2\/users\/5"}],"replies":[{"embeddable":true,"href":"https:\/\/seirekliinik.ee\/fi\/wp-json\/wp\/v2\/comments?post=4746"}],"version-history":[{"count":5,"href":"https:\/\/seirekliinik.ee\/fi\/wp-json\/wp\/v2\/pages\/4746\/revisions"}],"predecessor-version":[{"id":5193,"href":"https:\/\/seirekliinik.ee\/fi\/wp-json\/wp\/v2\/pages\/4746\/revisions\/5193"}],"wp:attachment":[{"href":"https:\/\/seirekliinik.ee\/fi\/wp-json\/wp\/v2\/media?parent=4746"}],"curies":[{"name":"wp","href":"https:\/\/api.w.org\/{rel}","templated":true}]}}